{"id":5260,"date":"2025-07-08T15:27:25","date_gmt":"2025-07-08T13:27:25","guid":{"rendered":"https:\/\/www.terredechine.com\/?post_type=product&#038;p=5260"},"modified":"2025-07-08T15:33:07","modified_gmt":"2025-07-08T13:33:07","slug":"gift-voucher-150e","status":"publish","type":"product","link":"https:\/\/www.terredechine.com\/en\/product\/gift-voucher-150e\/","title":{"rendered":"gift voucher 150\u20ac"},"content":{"rendered":"<p><span style=\"vertical-align: inherit;\"><span style=\"vertical-align: inherit;\"><span style=\"vertical-align: inherit;\">Offrez un cadeau d&#8217;une valeur de 100\u20ac \u00e0 votre proche, ami, coll\u00e8gue.<\/span><\/span><\/span><\/p>\n<p><span style=\"vertical-align: inherit;\"><span style=\"vertical-align: inherit;\"><span style=\"vertical-align: inherit;\">Ce cadeau doit \u00eatre r\u00e9cup\u00e9r\u00e9 dans notre magasin parmi les articles pr\u00e9sent\u00e9s.<\/span><\/span><\/span><\/p>\n<p><span style=\"vertical-align: inherit;\"><span style=\"vertical-align: inherit;\"><span style=\"vertical-align: inherit;\">Apr\u00e8s votre paiement, un email de confirmation vous sera envoy\u00e9 vous demandant les coordonn\u00e9es du b\u00e9n\u00e9ficiaire.<\/span><\/span><\/span><\/p>\n","protected":false},"excerpt":{"rendered":"<p>Offrez un cadeau d&#8217;une valeur de 100\u20ac \u00e0 votre proche, ami, coll\u00e8gue. Ce cadeau doit \u00eatre r\u00e9cup\u00e9r\u00e9 dans notre magasin parmi les articles pr\u00e9sent\u00e9s. Apr\u00e8s votre paiement, un email de confirmation vous sera envoy\u00e9 vous demandant les coordonn\u00e9es du b\u00e9n\u00e9ficiaire.<\/p>\n","protected":false},"featured_media":4647,"template":"","meta":{"_acf_changed":false},"product_brand":[],"product_cat":[249],"product_tag":[],"class_list":{"0":"post-5260","1":"product","2":"type-product","3":"status-publish","4":"has-post-thumbnail","6":"product_cat-gifts","8":"first","9":"instock","10":"virtual","11":"taxable","12":"purchasable","13":"product-type-simple"},"acf":[],"yoast_head":"<!-- This site is optimized with the Yoast SEO plugin v26.5 - https:\/\/yoast.com\/wordpress\/plugins\/seo\/ -->\n<title>gift voucher 150\u20ac - Terre de Chine<\/title>\n<meta name=\"robots\" content=\"index, follow, max-snippet:-1, max-image-preview:large, max-video-preview:-1\" \/>\n<link rel=\"canonical\" href=\"https:\/\/www.terredechine.com\/en\/product\/gift-voucher-150e\/\" \/>\n<meta property=\"og:locale\" content=\"en_US\" \/>\n<meta property=\"og:type\" content=\"article\" \/>\n<meta property=\"og:title\" content=\"gift voucher 150\u20ac - Terre de Chine\" \/>\n<meta property=\"og:description\" content=\"Offrez un cadeau d&#8217;une valeur de 100\u20ac \u00e0 votre proche, ami, coll\u00e8gue. Ce cadeau doit \u00eatre r\u00e9cup\u00e9r\u00e9 dans notre magasin parmi les articles pr\u00e9sent\u00e9s. Apr\u00e8s votre paiement, un email de confirmation vous sera envoy\u00e9 vous demandant les coordonn\u00e9es du b\u00e9n\u00e9ficiaire.\" \/>\n<meta property=\"og:url\" content=\"https:\/\/www.terredechine.com\/en\/product\/gift-voucher-150e\/\" \/>\n<meta property=\"og:site_name\" content=\"Terre de Chine\" \/>\n<meta property=\"article:modified_time\" content=\"2025-07-08T13:33:07+00:00\" \/>\n<meta property=\"og:image\" content=\"https:\/\/www.terredechine.com\/wp-content\/uploads\/2025\/02\/ELEMENTS-AQUARELLES-FINAL-\u526f\u672c-2.png\" \/>\n\t<meta property=\"og:image:width\" content=\"1748\" \/>\n\t<meta property=\"og:image:height\" content=\"2480\" \/>\n\t<meta property=\"og:image:type\" content=\"image\/png\" \/>\n<meta name=\"twitter:card\" content=\"summary_large_image\" \/>\n<meta name=\"twitter:label1\" content=\"Est. reading time\" \/>\n\t<meta name=\"twitter:data1\" content=\"1 minute\" \/>\n<script type=\"application\/ld+json\" class=\"yoast-schema-graph\">{\"@context\":\"https:\/\/schema.org\",\"@graph\":[{\"@type\":\"WebPage\",\"@id\":\"https:\/\/www.terredechine.com\/en\/product\/gift-voucher-150e\/\",\"url\":\"https:\/\/www.terredechine.com\/en\/product\/gift-voucher-150e\/\",\"name\":\"gift voucher 150\u20ac - Terre de Chine\",\"isPartOf\":{\"@id\":\"https:\/\/www.terredechine.com\/en\/#website\"},\"primaryImageOfPage\":{\"@id\":\"https:\/\/www.terredechine.com\/en\/product\/gift-voucher-150e\/#primaryimage\"},\"image\":{\"@id\":\"https:\/\/www.terredechine.com\/en\/product\/gift-voucher-150e\/#primaryimage\"},\"thumbnailUrl\":\"https:\/\/www.terredechine.com\/wp-content\/uploads\/2025\/02\/ELEMENTS-AQUARELLES-FINAL-\u526f\u672c-2.png\",\"datePublished\":\"2025-07-08T13:27:25+00:00\",\"dateModified\":\"2025-07-08T13:33:07+00:00\",\"breadcrumb\":{\"@id\":\"https:\/\/www.terredechine.com\/en\/product\/gift-voucher-150e\/#breadcrumb\"},\"inLanguage\":\"en-US\",\"potentialAction\":[{\"@type\":\"ReadAction\",\"target\":[\"https:\/\/www.terredechine.com\/en\/product\/gift-voucher-150e\/\"]}]},{\"@type\":\"ImageObject\",\"inLanguage\":\"en-US\",\"@id\":\"https:\/\/www.terredechine.com\/en\/product\/gift-voucher-150e\/#primaryimage\",\"url\":\"https:\/\/www.terredechine.com\/wp-content\/uploads\/2025\/02\/ELEMENTS-AQUARELLES-FINAL-\u526f\u672c-2.png\",\"contentUrl\":\"https:\/\/www.terredechine.com\/wp-content\/uploads\/2025\/02\/ELEMENTS-AQUARELLES-FINAL-\u526f\u672c-2.png\",\"width\":1748,\"height\":2480},{\"@type\":\"BreadcrumbList\",\"@id\":\"https:\/\/www.terredechine.com\/en\/product\/gift-voucher-150e\/#breadcrumb\",\"itemListElement\":[{\"@type\":\"ListItem\",\"position\":1,\"name\":\"Accueil\",\"item\":\"https:\/\/www.terredechine.com\/en\/\"},{\"@type\":\"ListItem\",\"position\":2,\"name\":\"Boutique\",\"item\":\"https:\/\/www.terredechine.com\/un-espace-dedie-aux-thes-exceptionnels-de-chine\/\"},{\"@type\":\"ListItem\",\"position\":3,\"name\":\"gift voucher 150\u20ac\"}]},{\"@type\":\"WebSite\",\"@id\":\"https:\/\/www.terredechine.com\/en\/#website\",\"url\":\"https:\/\/www.terredechine.com\/en\/\",\"name\":\"Terre de Chine\",\"description\":\"Les th\u00e9s naturels de Chine\",\"potentialAction\":[{\"@type\":\"SearchAction\",\"target\":{\"@type\":\"EntryPoint\",\"urlTemplate\":\"https:\/\/www.terredechine.com\/en\/?s={search_term_string}\"},\"query-input\":{\"@type\":\"PropertyValueSpecification\",\"valueRequired\":true,\"valueName\":\"search_term_string\"}}],\"inLanguage\":\"en-US\"}]}<\/script>\n<!-- \/ Yoast SEO plugin. -->","yoast_head_json":{"title":"gift voucher 150\u20ac - Terre de Chine","robots":{"index":"index","follow":"follow","max-snippet":"max-snippet:-1","max-image-preview":"max-image-preview:large","max-video-preview":"max-video-preview:-1"},"canonical":"https:\/\/www.terredechine.com\/en\/product\/gift-voucher-150e\/","og_locale":"en_US","og_type":"article","og_title":"gift voucher 150\u20ac - Terre de Chine","og_description":"Offrez un cadeau d&#8217;une valeur de 100\u20ac \u00e0 votre proche, ami, coll\u00e8gue. Ce cadeau doit \u00eatre r\u00e9cup\u00e9r\u00e9 dans notre magasin parmi les articles pr\u00e9sent\u00e9s. Apr\u00e8s votre paiement, un email de confirmation vous sera envoy\u00e9 vous demandant les coordonn\u00e9es du b\u00e9n\u00e9ficiaire.","og_url":"https:\/\/www.terredechine.com\/en\/product\/gift-voucher-150e\/","og_site_name":"Terre de Chine","article_modified_time":"2025-07-08T13:33:07+00:00","og_image":[{"width":1748,"height":2480,"url":"https:\/\/www.terredechine.com\/wp-content\/uploads\/2025\/02\/ELEMENTS-AQUARELLES-FINAL-\u526f\u672c-2.png","type":"image\/png"}],"twitter_card":"summary_large_image","twitter_misc":{"Est. reading time":"1 minute"},"schema":{"@context":"https:\/\/schema.org","@graph":[{"@type":"WebPage","@id":"https:\/\/www.terredechine.com\/en\/product\/gift-voucher-150e\/","url":"https:\/\/www.terredechine.com\/en\/product\/gift-voucher-150e\/","name":"gift voucher 150\u20ac - Terre de Chine","isPartOf":{"@id":"https:\/\/www.terredechine.com\/en\/#website"},"primaryImageOfPage":{"@id":"https:\/\/www.terredechine.com\/en\/product\/gift-voucher-150e\/#primaryimage"},"image":{"@id":"https:\/\/www.terredechine.com\/en\/product\/gift-voucher-150e\/#primaryimage"},"thumbnailUrl":"https:\/\/www.terredechine.com\/wp-content\/uploads\/2025\/02\/ELEMENTS-AQUARELLES-FINAL-\u526f\u672c-2.png","datePublished":"2025-07-08T13:27:25+00:00","dateModified":"2025-07-08T13:33:07+00:00","breadcrumb":{"@id":"https:\/\/www.terredechine.com\/en\/product\/gift-voucher-150e\/#breadcrumb"},"inLanguage":"en-US","potentialAction":[{"@type":"ReadAction","target":["https:\/\/www.terredechine.com\/en\/product\/gift-voucher-150e\/"]}]},{"@type":"ImageObject","inLanguage":"en-US","@id":"https:\/\/www.terredechine.com\/en\/product\/gift-voucher-150e\/#primaryimage","url":"https:\/\/www.terredechine.com\/wp-content\/uploads\/2025\/02\/ELEMENTS-AQUARELLES-FINAL-\u526f\u672c-2.png","contentUrl":"https:\/\/www.terredechine.com\/wp-content\/uploads\/2025\/02\/ELEMENTS-AQUARELLES-FINAL-\u526f\u672c-2.png","width":1748,"height":2480},{"@type":"BreadcrumbList","@id":"https:\/\/www.terredechine.com\/en\/product\/gift-voucher-150e\/#breadcrumb","itemListElement":[{"@type":"ListItem","position":1,"name":"Accueil","item":"https:\/\/www.terredechine.com\/en\/"},{"@type":"ListItem","position":2,"name":"Boutique","item":"https:\/\/www.terredechine.com\/un-espace-dedie-aux-thes-exceptionnels-de-chine\/"},{"@type":"ListItem","position":3,"name":"gift voucher 150\u20ac"}]},{"@type":"WebSite","@id":"https:\/\/www.terredechine.com\/en\/#website","url":"https:\/\/www.terredechine.com\/en\/","name":"Terre de Chine","description":"Les th\u00e9s naturels de Chine","potentialAction":[{"@type":"SearchAction","target":{"@type":"EntryPoint","urlTemplate":"https:\/\/www.terredechine.com\/en\/?s={search_term_string}"},"query-input":{"@type":"PropertyValueSpecification","valueRequired":true,"valueName":"search_term_string"}}],"inLanguage":"en-US"}]}},"_links":{"self":[{"href":"https:\/\/www.terredechine.com\/en\/wp-json\/wp\/v2\/product\/5260","targetHints":{"allow":["GET"]}}],"collection":[{"href":"https:\/\/www.terredechine.com\/en\/wp-json\/wp\/v2\/product"}],"about":[{"href":"https:\/\/www.terredechine.com\/en\/wp-json\/wp\/v2\/types\/product"}],"wp:featuredmedia":[{"embeddable":true,"href":"https:\/\/www.terredechine.com\/en\/wp-json\/wp\/v2\/media\/4647"}],"wp:attachment":[{"href":"https:\/\/www.terredechine.com\/en\/wp-json\/wp\/v2\/media?parent=5260"}],"wp:term":[{"taxonomy":"product_brand","embeddable":true,"href":"https:\/\/www.terredechine.com\/en\/wp-json\/wp\/v2\/product_brand?post=5260"},{"taxonomy":"product_cat","embeddable":true,"href":"https:\/\/www.terredechine.com\/en\/wp-json\/wp\/v2\/product_cat?post=5260"},{"taxonomy":"product_tag","embeddable":true,"href":"https:\/\/www.terredechine.com\/en\/wp-json\/wp\/v2\/product_tag?post=5260"}],"curies":[{"name":"wp","href":"https:\/\/api.w.org\/{rel}","templated":true}]}}